{"id":67,"date":"2019-09-07T12:07:14","date_gmt":"2019-09-07T12:07:14","guid":{"rendered":"https:\/\/crazyworldcup.ch.80-74-148-30.lava.metanet.ch\/?page_id=67"},"modified":"2022-03-13T14:39:45","modified_gmt":"2022-03-13T14:39:45","slug":"location-3","status":"publish","type":"page","link":"https:\/\/crazyworldcup.ch\/?page_id=67","title":{"rendered":"Lokalit\u00e4t"},"content":{"rendered":"<div data-colibri-id=\"67-c1\" class=\"style-326 style-local-67-c1 position-relative\">\n  <!---->\n  <div data-colibri-component=\"section\" data-colibri-id=\"67-c2\" id=\"blank\" class=\"h-section h-section-global-spacing d-flex align-items-lg-center align-items-md-center align-items-center style-947 style-local-67-c2 position-relative\">\n    <!---->\n    <!---->\n    <div class=\"h-section-grid-container h-section-boxed-container\">\n      <!---->\n      <div data-colibri-id=\"67-c3\" class=\"h-row-container gutters-row-lg-2 gutters-row-md-2 gutters-row-0 gutters-row-v-lg-2 gutters-row-v-md-2 gutters-row-v-2 style-948 style-local-67-c3 position-relative\">\n        <!---->\n        <div class=\"h-row justify-content-lg-center justify-content-md-center justify-content-center align-items-lg-stretch align-items-md-stretch align-items-stretch gutters-col-lg-2 gutters-col-md-2 gutters-col-0 gutters-col-v-lg-2 gutters-col-v-md-2 gutters-col-v-2\">\n          <!---->\n          <div class=\"h-column h-column-container d-flex h-col-lg-auto h-col-md-auto h-col-auto style-949-outer style-local-67-c4-outer\">\n            <div data-colibri-id=\"67-c4\" class=\"d-flex h-flex-basis h-column__inner h-px-lg-2 h-px-md-2 h-px-2 v-inner-lg-2 v-inner-md-2 v-inner-2 style-949 style-local-67-c4 position-relative\">\n              <!---->\n              <!---->\n              <div class=\"w-100 h-y-container h-column__content h-column__v-align flex-basis-100 align-self-lg-start align-self-md-start align-self-start\">\n                <!---->\n                <div data-colibri-id=\"67-c5\" class=\"h-global-transition-all h-heading style-955 style-local-67-c5 position-relative h-element\">\n                  <!---->\n                  <div class=\"h-heading__outer style-955 style-local-67-c5\">\n                    <!---->\n                    <!---->\n                    <h2 class=\"\">Lokalit\u00e4t<\/h2>\n                  <\/div>\n                <\/div>\n              <\/div>\n            <\/div>\n          <\/div>\n        <\/div>\n      <\/div>\n    <\/div>\n  <\/div>\n  <div data-colibri-component=\"section\" data-colibri-id=\"67-c10\" id=\"vorwort-de\" class=\"h-section h-section-global-spacing d-flex align-items-lg-center align-items-md-center align-items-center style-681 style-local-67-c10 position-relative\">\n    <!---->\n    <!---->\n    <div class=\"h-section-grid-container h-section-boxed-container\">\n      <!---->\n      <div data-colibri-id=\"67-c11\" class=\"h-row-container gutters-row-lg-2 gutters-row-md-2 gutters-row-2 gutters-row-v-lg-2 gutters-row-v-md-2 gutters-row-v-2 style-682 style-local-67-c11 position-relative\">\n        <!---->\n        <div class=\"h-row justify-content-lg-center justify-content-md-center justify-content-center align-items-lg-stretch align-items-md-stretch align-items-stretch gutters-col-lg-2 gutters-col-md-2 gutters-col-2 gutters-col-v-lg-2 gutters-col-v-md-2 gutters-col-v-2\">\n          <!---->\n          <div class=\"h-column h-column-container d-flex h-col-lg-auto h-col-md-auto h-col-auto style-683-outer style-local-67-c12-outer\">\n            <div data-colibri-id=\"67-c12\" class=\"d-flex h-flex-basis h-column__inner h-px-lg-2 h-px-md-2 h-px-2 v-inner-lg-2 v-inner-md-2 v-inner-2 style-683 style-local-67-c12 position-relative\">\n              <!---->\n              <!---->\n              <div class=\"w-100 h-y-container h-column__content h-column__v-align flex-basis-100 align-self-lg-start align-self-md-start align-self-start\">\n                <!---->\n                <div data-colibri-id=\"67-c13\" class=\"h-text h-text-component style-685 style-local-67-c13 position-relative h-element\">\n                  <!---->\n                  <!---->\n                  <div class=\"\">\n                    <p>Der Crazy World Cup 2022 findet in der Kongresshalle des Hotel M\u00f6venpick Regensdorf statt. Die Kongress-Halle bietet Platz f\u00fcr bis zu 800 Personen.<\/p>\n                  <\/div>\n                <\/div>\n              <\/div>\n            <\/div>\n          <\/div>\n          <div class=\"h-column h-column-container d-flex h-col-lg-auto h-col-md-auto h-col-auto style-684-outer style-local-67-c14-outer\">\n            <div data-colibri-id=\"67-c14\" class=\"d-flex h-flex-basis h-column__inner h-px-lg-2 h-px-md-2 h-px-2 v-inner-lg-2 v-inner-md-2 v-inner-2 style-684 style-local-67-c14 position-relative\">\n              <!---->\n              <!---->\n              <div class=\"w-100 h-y-container h-column__content h-column__v-align flex-basis-100 align-self-lg-start align-self-md-start align-self-start\">\n                <!---->\n                <div data-colibri-id=\"67-c15\" class=\"d-block style-686 style-local-67-c15 position-relative h-element\">\n                  <!---->\n                  <div class=\"h-image__frame-container-outer\">\n                    <div class=\"h-image__frame-container\">\n                      <!---->\n                      <!---->\n                      <img loading=\"lazy\" width=\"360\" height=\"360\" src=\"https:\/\/crazyworldcup.ch\/wp-content\/uploads\/2019\/09\/cropped-Regensdorfxxxxx_i109355_476x360_2-4.jpg\" class=\"wp-image-1191 style-686-image style-local-67-c15-image\" srcset=\"https:\/\/crazyworldcup.ch\/wp-content\/uploads\/2019\/09\/cropped-Regensdorfxxxxx_i109355_476x360_2-4.jpg 360w, https:\/\/crazyworldcup.ch\/wp-content\/uploads\/2019\/09\/cropped-Regensdorfxxxxx_i109355_476x360_2-4-150x150.jpg 150w, https:\/\/crazyworldcup.ch\/wp-content\/uploads\/2019\/09\/cropped-Regensdorfxxxxx_i109355_476x360_2-4-300x300.jpg 300w\" sizes=\"(max-width: 360px) 100vw, 360px\" alt=\"\" \/>\n                      <div class=\"h-image__frame h-hide-lg h-hide-md h-hide-sm style-686-frameImage style-local-67-c15-frameImage\"><\/div>\n                    <\/div>\n                  <\/div>\n                <\/div>\n              <\/div>\n            <\/div>\n          <\/div>\n        <\/div>\n      <\/div>\n    <\/div>\n  <\/div>\n  <div data-colibri-component=\"section\" data-colibri-id=\"67-c16\" id=\"anreise-flugzeug-de\" class=\"h-section h-section-global-spacing d-flex align-items-lg-center align-items-md-center align-items-center style-610 style-local-67-c16 position-relative\">\n    <!---->\n    <!---->\n    <div class=\"h-section-grid-container h-section-boxed-container\">\n      <!---->\n      <div data-colibri-id=\"67-c17\" class=\"h-row-container gutters-row-lg-2 gutters-row-md-2 gutters-row-0 gutters-row-v-lg-2 gutters-row-v-md-2 gutters-row-v-2 style-614 style-local-67-c17 position-relative\">\n        <!---->\n        <div class=\"h-row justify-content-lg-center justify-content-md-center justify-content-center align-items-lg-stretch align-items-md-stretch align-items-stretch gutters-col-lg-2 gutters-col-md-2 gutters-col-0 gutters-col-v-lg-2 gutters-col-v-md-2 gutters-col-v-2\">\n          <!---->\n          <div class=\"h-column h-column-container d-flex h-col-lg-auto h-col-md-auto h-col-auto style-616-outer style-local-67-c18-outer\">\n            <div data-colibri-id=\"67-c18\" class=\"d-flex h-flex-basis h-column__inner h-px-lg-2 h-px-md-2 h-px-2 v-inner-lg-2 v-inner-md-2 v-inner-2 style-616 style-local-67-c18 position-relative\">\n              <!---->\n              <!---->\n              <div class=\"w-100 h-y-container h-column__content h-column__v-align flex-basis-100 align-self-lg-start align-self-md-start align-self-start\">\n                <!---->\n                <div data-colibri-id=\"67-c19\" class=\"h-global-transition-all h-heading style-637 style-local-67-c19 position-relative h-element\">\n                  <!---->\n                  <div class=\"h-heading__outer style-637 style-local-67-c19\">\n                    <!---->\n                    <!---->\n                    <h4 class=\"\">Anreise mit dem Flugzeug<\/h4>\n                  <\/div>\n                <\/div>\n              <\/div>\n            <\/div>\n          <\/div>\n        <\/div>\n      <\/div>\n      <div data-colibri-id=\"67-c20\" class=\"h-row-container gutters-row-lg-2 gutters-row-md-2 gutters-row-0 gutters-row-v-lg-2 gutters-row-v-md-2 gutters-row-v-2 style-611 style-local-67-c20 position-relative\">\n        <!---->\n        <div class=\"h-row justify-content-lg-center justify-content-md-center justify-content-center align-items-lg-stretch align-items-md-stretch align-items-stretch gutters-col-lg-2 gutters-col-md-2 gutters-col-0 gutters-col-v-lg-2 gutters-col-v-md-2 gutters-col-v-2\">\n          <!---->\n          <div class=\"h-column h-column-container d-flex h-col-lg-auto h-col-md-auto h-col-auto style-709-outer style-local-67-c21-outer\">\n            <div data-colibri-id=\"67-c21\" class=\"d-flex h-flex-basis h-column__inner h-px-lg-2 h-px-md-2 h-px-2 v-inner-lg-2 v-inner-md-2 v-inner-2 style-709 style-local-67-c21 position-relative\">\n              <!---->\n              <!---->\n              <div class=\"w-100 h-y-container h-column__content h-column__v-align flex-basis-100 align-self-lg-start align-self-md-start align-self-start\">\n                <!---->\n                <div data-colibri-id=\"67-c22\" class=\"h-text h-text-component style-710 style-local-67-c22 position-relative h-element\">\n                  <!---->\n                  <!---->\n                  <div class=\"\">\n                    <p>Der Event findet in der N\u00e4he des Flughafen Z\u00fcrich statt. <\/p>\n                  <\/div>\n                <\/div>\n              <\/div>\n            <\/div>\n          <\/div>\n        <\/div>\n      <\/div>\n    <\/div>\n  <\/div>\n  <div data-colibri-component=\"section\" data-colibri-id=\"67-c23\" id=\"anreise-zug-de\" class=\"h-section h-section-global-spacing d-flex align-items-lg-center align-items-md-center align-items-center style-594 style-local-67-c23 position-relative\">\n    <!---->\n    <!---->\n    <div class=\"h-section-grid-container h-section-boxed-container\">\n      <!---->\n      <div data-colibri-id=\"67-c24\" class=\"h-row-container gutters-row-lg-2 gutters-row-md-2 gutters-row-0 gutters-row-v-lg-2 gutters-row-v-md-2 gutters-row-v-2 style-602 style-local-67-c24 position-relative\">\n        <!---->\n        <div class=\"h-row justify-content-lg-center justify-content-md-center justify-content-center align-items-lg-stretch align-items-md-stretch align-items-stretch gutters-col-lg-2 gutters-col-md-2 gutters-col-0 gutters-col-v-lg-2 gutters-col-v-md-2 gutters-col-v-2\">\n          <!---->\n          <div class=\"h-column h-column-container d-flex h-col-lg-auto h-col-md-auto h-col-auto style-604-outer style-local-67-c25-outer\">\n            <div data-colibri-id=\"67-c25\" class=\"d-flex h-flex-basis h-column__inner h-px-lg-2 h-px-md-2 h-px-2 v-inner-lg-2 v-inner-md-2 v-inner-2 style-604 style-local-67-c25 position-relative\">\n              <!---->\n              <!---->\n              <div class=\"w-100 h-y-container h-column__content h-column__v-align flex-basis-100 align-self-lg-start align-self-md-start align-self-start\">\n                <!---->\n                <div data-colibri-id=\"67-c26\" class=\"h-global-transition-all h-heading style-635 style-local-67-c26 position-relative h-element\">\n                  <!---->\n                  <div class=\"h-heading__outer style-635 style-local-67-c26\">\n                    <!---->\n                    <!---->\n                    <h4 class=\"\">Anreise mit dem Zug<\/h4>\n                  <\/div>\n                <\/div>\n              <\/div>\n            <\/div>\n          <\/div>\n        <\/div>\n      <\/div>\n      <div data-colibri-id=\"67-c27\" class=\"h-row-container gutters-row-lg-2 gutters-row-md-2 gutters-row-0 gutters-row-v-lg-2 gutters-row-v-md-2 gutters-row-v-2 style-595 style-local-67-c27 position-relative\">\n        <!---->\n        <div class=\"h-row justify-content-lg-center justify-content-md-center justify-content-center align-items-lg-stretch align-items-md-stretch align-items-stretch gutters-col-lg-2 gutters-col-md-2 gutters-col-0 gutters-col-v-lg-2 gutters-col-v-md-2 gutters-col-v-2\">\n          <!---->\n          <div class=\"h-column h-column-container d-flex h-col-lg-auto h-col-md-auto h-col-auto style-596-outer style-local-67-c28-outer\">\n            <div data-colibri-id=\"67-c28\" class=\"d-flex h-flex-basis h-column__inner h-px-lg-2 h-px-md-2 h-px-2 v-inner-lg-2 v-inner-md-2 v-inner-2 style-596 style-local-67-c28 position-relative\">\n              <!---->\n              <!---->\n              <div class=\"w-100 h-y-container h-column__content h-column__v-align flex-basis-100 align-self-lg-start align-self-md-start align-self-start\">\n                <!---->\n                <div data-colibri-id=\"67-c29\" class=\"h-text h-text-component style-625 style-local-67-c29 position-relative h-element\">\n                  <!---->\n                  <!---->\n                  <div class=\"\">\n                    <p>Die Kongress-Halle des Hotel M\u00f6venpick l\u00e4sst sich via Bahnhof Regensdorf\/Watt in wenigen Minuten zu Fuss erreichen. F\u00fcr weitere Informationen bez\u00fcglich der Zugverbindungen\/Ticket kannst du die Website der SBB kontaktieren<\/p>\n                  <\/div>\n                <\/div>\n              <\/div>\n            <\/div>\n          <\/div>\n          <div class=\"h-column h-column-container d-flex h-col-lg-auto h-col-md-auto h-col-auto style-597-outer style-local-67-c30-outer\">\n            <div data-colibri-id=\"67-c30\" class=\"d-flex h-flex-basis h-column__inner h-px-lg-2 h-px-md-2 h-px-2 v-inner-lg-2 v-inner-md-2 v-inner-2 style-597 style-local-67-c30 position-relative\">\n              <!---->\n              <!---->\n              <div class=\"w-100 h-y-container h-column__content h-column__v-align flex-basis-100 align-self-lg-start align-self-md-start align-self-start\">\n                <!---->\n                <div data-colibri-id=\"67-c31\" class=\"h-x-container style-626 style-local-67-c31 position-relative h-element\">\n                  <!---->\n                  <div class=\"h-x-container-inner style-dynamic-67-c31-group style-626-spacing style-local-67-c31-spacing\"><span class=\"h-link__outer style-636-outer style-local-67-c32-outer d-inline-flex h-element\"><a h-use-smooth-scroll=\"true\" href=\"https:\/\/sbb.ch\"  data-colibri-id=\"67-c32\" class=\"d-flex w-100 align-items-center h-link style-636 style-local-67-c32 position-relative\"><!----><span  class=\"h-svg-icon h-link__icon style-636-icon style-local-67-c32-icon\"><!--Icon by Font Awesome (https:\/\/fontawesome.com)--><svg version=\"1.1\" xmlns=\"http:\/\/www.w3.org\/2000\/svg\" xmlns:xlink=\"http:\/\/www.w3.org\/1999\/xlink\" id=\"train\" viewBox=\"0 0 1536 1896.0833\"><path d=\"M1088 0q185 0 316.5 93.5T1536 320v896q0 130-125.5 222t-305.5 97l213 202q16 15 8 35t-30 20H240q-22 0-30-20t8-35l213-202q-180-5-305.5-97T0 1216V320Q0 187 131.5 93.5T448 0h640zM768 1344q80 0 136-56t56-136-56-136-136-56-136 56-56 136 56 136 136 56zm576-576V256H192v512h1152z\"><\/path><\/svg><\/span>                    <span>SBB Website (Fahrplan\/Tickets)<\/span><\/a>\n                    <\/span>\n                  <\/div>\n                <\/div>\n              <\/div>\n            <\/div>\n          <\/div>\n        <\/div>\n      <\/div>\n    <\/div>\n  <\/div>\n  <div data-colibri-component=\"section\" data-colibri-id=\"67-c33\" id=\"anreise-mit-dem-auto-de\" class=\"h-section h-section-global-spacing d-flex align-items-lg-center align-items-md-center align-items-center style-675 style-local-67-c33 position-relative\">\n    <!---->\n    <!---->\n    <div class=\"h-section-grid-container h-section-boxed-container\">\n      <!---->\n      <div data-colibri-id=\"67-c34\" class=\"h-row-container gutters-row-lg-2 gutters-row-md-2 gutters-row-0 gutters-row-v-lg-2 gutters-row-v-md-2 gutters-row-v-2 style-676 style-local-67-c34 position-relative\">\n        <!---->\n        <div class=\"h-row justify-content-lg-center justify-content-md-center justify-content-center align-items-lg-stretch align-items-md-stretch align-items-stretch gutters-col-lg-2 gutters-col-md-2 gutters-col-0 gutters-col-v-lg-2 gutters-col-v-md-2 gutters-col-v-2\">\n          <!---->\n          <div class=\"h-column h-column-container d-flex h-col-lg-auto h-col-md-auto h-col-auto style-677-outer style-local-67-c35-outer\">\n            <div data-colibri-id=\"67-c35\" class=\"d-flex h-flex-basis h-column__inner h-px-lg-2 h-px-md-2 h-px-2 v-inner-lg-2 v-inner-md-2 v-inner-2 style-677 style-local-67-c35 position-relative\">\n              <!---->\n              <!---->\n              <div class=\"w-100 h-y-container h-column__content h-column__v-align flex-basis-100 align-self-lg-start align-self-md-start align-self-start\">\n                <!---->\n                <div data-colibri-id=\"67-c36\" class=\"h-text h-text-component style-679 style-local-67-c36 position-relative h-element\">\n                  <!---->\n                  <!---->\n                  <div class=\"\">\n                    <div id=\"wpgmza_map\" class=\"wpgmza_map\" data-settings='{\"id\":\"1\",\"map_title\":\"M\\u00f6venpick Hotel\",\"map_width\":\"100\",\"map_height\":\"400\",\"map_start_lat\":\"47.431680\",\"map_start_lng\":\"8.468522\",\"map_start_location\":\"47.431679909151406,8.468522464643797\",\"map_start_zoom\":\"16\",\"default_marker\":\"0\",\"type\":\"1\",\"alignment\":\"1\",\"directions_enabled\":\"1\",\"styling_enabled\":\"0\",\"styling_json\":\"\",\"active\":\"0\",\"kml\":\"\",\"bicycle\":\"0\",\"traffic\":\"0\",\"dbox\":\"1\",\"dbox_width\":\"100\",\"listmarkers\":\"0\",\"listmarkers_advanced\":\"0\",\"filterbycat\":\"0\",\"ugm_enabled\":\"0\",\"ugm_category_enabled\":\"0\",\"fusion\":\"\",\"map_width_type\":\"\\\\%\",\"map_height_type\":\"px\",\"mass_marker_support\":\"1\",\"ugm_access\":\"0\",\"order_markers_by\":\"1\",\"order_markers_choice\":\"2\",\"show_user_location\":\"0\",\"default_to\":\"\",\"other_settings\":{\"store_locator_enabled\":2,\"store_locator_distance\":2,\"store_locator_default_radius\":10,\"store_locator_not_found_message\":\"No results found in this location. Please try again.\",\"store_locator_bounce\":1,\"store_locator_query_string\":\"PLZ \\\/ Adresse:\",\"store_locator_default_address\":\"\",\"wpgmza_store_locator_restrict\":\"\",\"store_locator_style\":\"modern\",\"wpgmza_store_locator_radius_style\":\"modern\",\"map_max_zoom\":\"1\",\"transport_layer\":0,\"wpgmza_theme_data\":\"\",\"wpgmza_show_points_of_interest\":1,\"wpgmza_auto_night\":0}}' data-map-id='1' Data-maps-engine='google-maps' data-shortcode-attributes='{\"id\":\"1\"}' style=\"display:block; overflow:auto; width:100%; height:400px; float:left;\"><\/div>\n                  <\/div>\n                <\/div>\n              <\/div>\n            <\/div>\n          <\/div>\n          <div class=\"h-column h-column-container d-flex h-col-lg-auto h-col-md-auto h-col-auto style-678-outer style-local-67-c37-outer\">\n            <div data-colibri-id=\"67-c37\" class=\"d-flex h-flex-basis h-column__inner h-px-lg-2 h-px-md-2 h-px-2 v-inner-lg-2 v-inner-md-2 v-inner-2 style-678 style-local-67-c37 position-relative\">\n              <!---->\n              <!---->\n              <div class=\"w-100 h-y-container h-column__content h-column__v-align flex-basis-100 align-self-lg-start align-self-md-start align-self-start\">\n                <!---->\n                <div data-colibri-id=\"67-c38\" class=\"h-text h-text-component style-680 style-local-67-c38 position-relative h-element\">\n                  <!---->\n                  <!---->\n                  <div class=\"\">\n                    <p>Das M\u00f6venpick Hotel l\u00e4sst sich bequem mit dem Auto erreichen. Parkpl\u00e4tze sind im angrenzenden Shoppingcenter gen\u00fcgend vorhanden.<\/p>\n                    <p>Um zur Lokalit\u00e4t zu gelangen, fahre in Richtung Basel\/Bern auf der A1 und nimm die Ausfahrt Regensdorf\/Z\u00fcrich-Affoltern. Folge danach der Beschilderung Richtung Regensdorf Zentrum.<\/p>\n                    <p>Von Zug und Luzern die A4 (Westumfahrung) Ausfahrt Affoltern. Von Chur die A3 (Westumfahrung) Ausfahrt Affoltern.<\/p>\n                    <p>GPS Benutzer: <\/p>\n                    <p>Gib einfach Watterstrasse 41, Regensdorf in Ihr System ein. <\/p>\n                  <\/div>\n                <\/div>\n              <\/div>\n            <\/div>\n          <\/div>\n        <\/div>\n      <\/div>\n    <\/div>\n  <\/div>\n<\/div>","protected":false},"excerpt":{"rendered":"<p>Lokalit\u00e4t Der Crazy World Cup 2022 findet in der Kongresshalle des Hotel M\u00f6venpick Regensdorf statt. Die Kongress-Halle bietet Platz f\u00fcr bis zu 800 Personen. Anreise mit dem Flugzeug Der Event findet in der N\u00e4he des Flughafen Z\u00fcrich statt. Anreise mit dem Zug Die Kongress-Halle des Hotel M\u00f6venpick l\u00e4sst sich via Bahnhof Regensdorf\/Watt in wenigen Minuten [&hellip;]<\/p>\n","protected":false},"author":1,"featured_media":0,"parent":0,"menu_order":0,"comment_status":"closed","ping_status":"closed","template":"page-templates\/full-width-page.php","meta":[],"uagb_featured_image_src":{"full":false,"thumbnail":false,"medium":false,"medium_large":false,"large":false,"1536x1536":false,"2048x2048":false},"uagb_author_info":{"display_name":"admin","author_link":"https:\/\/crazyworldcup.ch\/?author=1"},"uagb_comment_info":0,"uagb_excerpt":"Lokalit\u00e4t Der Crazy World Cup 2022 findet in der Kongresshalle des Hotel M\u00f6venpick Regensdorf statt. Die Kongress-Halle bietet Platz f\u00fcr bis zu 800 Personen. Anreise mit dem Flugzeug Der Event findet in der N\u00e4he des Flughafen Z\u00fcrich statt. Anreise mit dem Zug Die Kongress-Halle des Hotel M\u00f6venpick l\u00e4sst sich via Bahnhof Regensdorf\/Watt in wenigen Minuten&hellip;","_links":{"self":[{"href":"https:\/\/crazyworldcup.ch\/index.php?rest_route=\/wp\/v2\/pages\/67"}],"collection":[{"href":"https:\/\/crazyworldcup.ch\/index.php?rest_route=\/wp\/v2\/pages"}],"about":[{"href":"https:\/\/crazyworldcup.ch\/index.php?rest_route=\/wp\/v2\/types\/page"}],"author":[{"embeddable":true,"href":"https:\/\/crazyworldcup.ch\/index.php?rest_route=\/wp\/v2\/users\/1"}],"replies":[{"embeddable":true,"href":"https:\/\/crazyworldcup.ch\/index.php?rest_route=%2Fwp%2Fv2%2Fcomments&post=67"}],"version-history":[{"count":20,"href":"https:\/\/crazyworldcup.ch\/index.php?rest_route=\/wp\/v2\/pages\/67\/revisions"}],"predecessor-version":[{"id":3427,"href":"https:\/\/crazyworldcup.ch\/index.php?rest_route=\/wp\/v2\/pages\/67\/revisions\/3427"}],"wp:attachment":[{"href":"https:\/\/crazyworldcup.ch\/index.php?rest_route=%2Fwp%2Fv2%2Fmedia&parent=67"}],"curies":[{"name":"wp","href":"https:\/\/api.w.org\/{rel}","templated":true}]}}